{"id":7,"date":"2026-01-20T21:30:10","date_gmt":"2026-01-20T21:30:10","guid":{"rendered":"https:\/\/sofieellenbroek.com\/?page_id=7"},"modified":"2026-01-20T21:30:10","modified_gmt":"2026-01-20T21:30:10","slug":"sofie-ellenbroek","status":"publish","type":"page","link":"https:\/\/sofieellenbroek.com\/","title":{"rendered":"Sofie Ellenbroek"},"content":{"rendered":"\n<div class=\"wp-block-cover alignfull is-light has-contrast-color has-text-color has-link-color wp-elements-e2695f1da265287ebd20723cee28e212\" style=\"margin-top:0;margin-bottom:0;padding-top:var(--wp--preset--spacing--60);padding-right:var(--wp--preset--spacing--50);padding-bottom:var(--wp--preset--spacing--60);padding-left:var(--wp--preset--spacing--50)\"><span aria-hidden=\"true\" class=\"wp-block-cover__background has-base-background-color has-background-dim-100 has-background-dim\"><\/span><div class=\"wp-block-cover__inner-container has-global-padding is-layout-constrained wp-container-core-cover-is-layout-873ee6b1 wp-block-cover-is-layout-constrained\">\n<div class=\"wp-block-columns alignwide is-layout-flex wp-container-core-columns-is-layout-7ee84d44 wp-block-columns-is-layout-flex\">\n<div class=\"wp-block-column is-layout-flow wp-block-column-is-layout-flow\" style=\"flex-basis:65%\">\n<div class=\"wp-block-group is-vertical is-content-justification-stretch is-layout-flex wp-container-core-group-is-layout-353c4f5a wp-block-group-is-layout-flex\">\n<h4 class=\"wp-block-heading has-text-align-left\" style=\"font-size:clamp(4.509rem, 4.509rem + ((1vw - 0.2rem) * 8.613), 10rem);font-style:normal;font-weight:300;letter-spacing:-0.03em;line-height:1.4\">NYFA<\/h4>\n\n\n\n<p class=\"is-style-text-subtitle is-style-text-subtitle--1\"><br>Nyfa ist ein schweizer Female-Duo \u2013 Musik<br>zwischen zerbrechlicher Poesie und schonungsloser Gegenwart. Zwei Stimmen, Cello-<br>und Gitarrenkl\u00e4nge. Erfahrene Songwriterinnen,<\/p>\n\n\n\n<p class=\"is-style-text-subtitle is-style-text-subtitle--2\">die mit warmen Akustik-Sounds und subtilen<br>Synthesizer-Texturen eine eigene Welt erschaffen.<br>Alexandra Ukonu sammelte mit ihrer fr\u00fcheren<br>Band Serafyn umfangreiche Live-Erfahrung in<br>ganz Europa. Die Zusammenarbeit mit Produzent<br>Pola Roy (Wir Sind Helden) pr\u00e4gte ihren<br>musikalischen Werdegang massgeblich.<br>Sofie Ellenbroek, S\u00e4ngerin und<br>Multiinstrumentalistin, schreibt und produziert seit<br>\u00fcber 15 Jahren eigene Songs. Ihre letzte EP \u201eA<br>Woman\u2019s Body\u201c erschien 2018.<br>Als Duo wagt Nyfa den Blick auf unkonventionelle<br>Themen wie Mutterschaft, weibliche Identit\u00e4t und<br>emotionale Verletzlichkeit. Ihre Songs sind<br>manchmal vertr\u00e4umt, manchmal ehrlich und<br>kritisch \u2013 Nyfas Musik bewegt sich in einer<br>Traumwelt und tanzt zwischen sanftem Dream<br>Pop und Folk Pop durch die Musiklandschaft.<br>Dabei erfindet das Duo sich und den eigenen Stil<br>immer wieder neu.<\/p>\n<\/div>\n<\/div>\n\n\n\n<div class=\"wp-block-column is-layout-flow wp-block-column-is-layout-flow\" style=\"flex-basis:35%\">\n<div class=\"wp-block-group is-vertical is-content-justification-stretch is-nowrap is-layout-flex wp-container-core-group-is-layout-73b0033c wp-block-group-is-layout-flex\">\n<figure class=\"wp-block-image size-full\"><img loading=\"lazy\" decoding=\"async\" width=\"1920\" height=\"2560\" src=\"https:\/\/sofieellenbroek.com\/wp-content\/uploads\/2026\/01\/IMG_1777-scaled.png\" alt=\"\" class=\"wp-image-8\" style=\"aspect-ratio:3\/4;object-fit:cover\" srcset=\"https:\/\/sofieellenbroek.com\/wp-content\/uploads\/2026\/01\/IMG_1777-scaled.png 1920w, https:\/\/sofieellenbroek.com\/wp-content\/uploads\/2026\/01\/IMG_1777-225x300.png 225w, https:\/\/sofieellenbroek.com\/wp-content\/uploads\/2026\/01\/IMG_1777-768x1024.png 768w, https:\/\/sofieellenbroek.com\/wp-content\/uploads\/2026\/01\/IMG_1777-1152x1536.png 1152w, https:\/\/sofieellenbroek.com\/wp-content\/uploads\/2026\/01\/IMG_1777-1536x2048.png 1536w\" sizes=\"auto, (max-width: 1920px) 100vw, 1920px\" \/><\/figure>\n\n\n\n<p class=\"has-text-align-right has-x-large-font-size\" style=\"line-height:1.2\"><strong>Sofie<\/strong><br><a href=\"https:\/\/www.instagram.com\/sofieellenbroek\" data-type=\"link\" data-id=\"https:\/\/www.instagram.com\/sofieellenbroek\" target=\"_blank\" rel=\"noreferrer noopener\">Instagram<\/a><\/p>\n\n\n\n<p class=\"has-text-align-right has-x-large-font-size\" style=\"line-height:1.2\"><strong>Nyfa<\/strong><br><a href=\"https:\/\/www.instagram.com\/nyfa_music\/\" data-type=\"link\" data-id=\"https:\/\/www.instagram.com\/nyfa_music\/\">Instagram<\/a><br><a href=\"https:\/\/www.facebook.com\/nyfamusic\/\" data-type=\"link\" data-id=\"https:\/\/www.facebook.com\/nyfamusic\/\" target=\"_blank\" rel=\"noreferrer noopener\">Facebook<\/a><br><a href=\"https:\/\/soundcloud.com\/nyfamusic\" data-type=\"link\" data-id=\"https:\/\/soundcloud.com\/nyfamusic\" target=\"_blank\" rel=\"noreferrer noopener\">Soundcloud<\/a><br><a href=\"https:\/\/open.spotify.com\/artist\/4NgGqOjHe4EucsaTmEXXzA?si=9_H5XfFwSy6aPKJzdnkNcQ\" data-type=\"link\" data-id=\"https:\/\/open.spotify.com\/artist\/4NgGqOjHe4EucsaTmEXXzA?si=9_H5XfFwSy6aPKJzdnkNcQ\" target=\"_blank\" rel=\"noreferrer noopener\">Spotify<\/a><\/p>\n<\/div>\n<\/div>\n<\/div>\n<\/div><\/div>\n","protected":false},"excerpt":{"rendered":"","protected":false},"author":1,"featured_media":0,"parent":0,"menu_order":0,"comment_status":"closed","ping_status":"closed","template":"","meta":{"footnotes":""},"class_list":["post-7","page","type-page","status-publish","hentry"],"_links":{"self":[{"href":"https:\/\/sofieellenbroek.com\/index.php\/wp-json\/wp\/v2\/pages\/7","targetHints":{"allow":["GET"]}}],"collection":[{"href":"https:\/\/sofieellenbroek.com\/index.php\/wp-json\/wp\/v2\/pages"}],"about":[{"href":"https:\/\/sofieellenbroek.com\/index.php\/wp-json\/wp\/v2\/types\/page"}],"author":[{"embeddable":true,"href":"https:\/\/sofieellenbroek.com\/index.php\/wp-json\/wp\/v2\/users\/1"}],"replies":[{"embeddable":true,"href":"https:\/\/sofieellenbroek.com\/index.php\/wp-json\/wp\/v2\/comments?post=7"}],"version-history":[{"count":1,"href":"https:\/\/sofieellenbroek.com\/index.php\/wp-json\/wp\/v2\/pages\/7\/revisions"}],"predecessor-version":[{"id":9,"href":"https:\/\/sofieellenbroek.com\/index.php\/wp-json\/wp\/v2\/pages\/7\/revisions\/9"}],"wp:attachment":[{"href":"https:\/\/sofieellenbroek.com\/index.php\/wp-json\/wp\/v2\/media?parent=7"}],"curies":[{"name":"wp","href":"https:\/\/api.w.org\/{rel}","templated":true}]}}